{"id":3113,"date":"2022-07-22T11:48:00","date_gmt":"2022-07-22T11:48:00","guid":{"rendered":"https:\/\/mywebsitesdemo.com\/VA\/afosfoundation\/?page_id=3113"},"modified":"2023-07-28T07:19:48","modified_gmt":"2023-07-28T07:19:48","slug":"our-partners","status":"publish","type":"page","link":"https:\/\/afosfoundation.org\/en\/about-us\/our-partners\/","title":{"rendered":"Our Partners"},"content":{"rendered":"\n<p><\/p>\n\n\n\n<h2>Our partners in Germany<\/h2>\n\n\n\n<div class=\"wp-container-4 wp-block-columns\">\n<div class=\"wp-container-1 wp-block-column\" style=\"flex-basis:60%\">\n<p>Founded by <em>members of the Federation of Catholic Entrepreneurs (BKU),<\/em> our foundation maintains good relations with the BKU to this day. If required, he always provides us with technical expertise for our projects.<\/p>\n<\/div>\n\n\n\n<div class=\"wp-container-2 wp-block-column\" style=\"flex-basis:10px\"><\/div>\n\n\n\n<div class=\"wp-container-3 wp-block-column\" style=\"flex-basis:20%\">\n<figure class=\"wp-block-image size-full\"><img loading=\"lazy\" width=\"747\" height=\"334\" src=\"https:\/\/afosfoundation.org\/wp-content\/uploads\/2023\/03\/BKU_transparent.png\" alt=\"\" class=\"wp-image-4562\" srcset=\"https:\/\/afosfoundation.org\/wp-content\/uploads\/2023\/03\/BKU_transparent.png 747w, https:\/\/afosfoundation.org\/wp-content\/uploads\/2023\/03\/BKU_transparent-360x161.png 360w\" sizes=\"(max-width: 747px) 100vw, 747px\" \/><\/figure>\n<\/div>\n<\/div>\n\n\n\n<div class=\"wp-container-8 wp-block-columns\">\n<div class=\"wp-container-5 wp-block-column\" style=\"flex-basis:60%\">\n<p>The <em>German Federal Ministry for Economic Cooperation and Development (BMZ)<\/em> enables our projects to be implemented through financial contributions.<\/p>\n<\/div>\n\n\n\n<div class=\"wp-container-6 wp-block-column\" style=\"flex-basis:10px\"><\/div>\n\n\n\n<div class=\"wp-container-7 wp-block-column\" style=\"flex-basis:20%\">\n<figure class=\"wp-block-image size-full\"><img loading=\"lazy\" width=\"640\" height=\"298\" src=\"https:\/\/afosfoundation.org\/wp-content\/uploads\/2023\/02\/BMZ_Logo.svg_-2.png\" alt=\"\" class=\"wp-image-4479\" srcset=\"https:\/\/afosfoundation.org\/wp-content\/uploads\/2023\/02\/BMZ_Logo.svg_-2.png 640w, https:\/\/afosfoundation.org\/wp-content\/uploads\/2023\/02\/BMZ_Logo.svg_-2-360x168.png 360w\" sizes=\"(max-width: 640px) 100vw, 640px\" \/><\/figure>\n<\/div>\n<\/div>\n\n\n\n<div class=\"wp-container-12 wp-block-columns\">\n<div class=\"wp-container-9 wp-block-column\" style=\"flex-basis:60%\">\n<p>The globally active development organization <em>sequa gGmbH<\/em> supports us in the management of our projects. With sequa, we are accompanied by an experienced partner for the implementation of programs in cooperation with the German economy.<\/p>\n<\/div>\n\n\n\n<div class=\"wp-container-10 wp-block-column\" style=\"flex-basis:10px\"><\/div>\n\n\n\n<div class=\"wp-container-11 wp-block-column\" style=\"flex-basis:20%\">\n<figure class=\"wp-block-image size-large\"><img loading=\"lazy\" width=\"1024\" height=\"722\" src=\"https:\/\/afosfoundation.org\/wp-content\/uploads\/2023\/02\/logo_sequa_rgb_300_dpi-1024x722.png\" alt=\"\" class=\"wp-image-4445\" srcset=\"https:\/\/afosfoundation.org\/wp-content\/uploads\/2023\/02\/logo_sequa_rgb_300_dpi-1024x722.png 1024w, https:\/\/afosfoundation.org\/wp-content\/uploads\/2023\/02\/logo_sequa_rgb_300_dpi-360x254.png 360w, https:\/\/afosfoundation.org\/wp-content\/uploads\/2023\/02\/logo_sequa_rgb_300_dpi-768x541.png 768w, https:\/\/afosfoundation.org\/wp-content\/uploads\/2023\/02\/logo_sequa_rgb_300_dpi-1536x1083.png 1536w, https:\/\/afosfoundation.org\/wp-content\/uploads\/2023\/02\/logo_sequa_rgb_300_dpi-2048x1444.png 2048w\" sizes=\"(max-width: 1024px) 100vw, 1024px\" \/><\/figure>\n<\/div>\n<\/div>\n\n\n\n<p><\/p>\n\n\n\n<h3>International experts<\/h3>\n\n\n\n<div class=\"wp-container-15 wp-block-columns\">\n<div class=\"wp-container-13 wp-block-column\" style=\"flex-basis:80%\">\n<p>Numerous <strong>professionals from various economic sectors<\/strong> are involved in and in our projects to promote independent and responsible entrepreneurship in Africa, Asia and Latin America. They are committed to our goals at various levels, <strong>advise our local partners <\/strong>and provide their expertise in the form of further training opportunities.<\/p>\n<\/div>\n\n\n\n<div class=\"wp-container-14 wp-block-column\" style=\"flex-basis:0%\"><\/div>\n<\/div>\n\n\n\n<h2>Our local partners<\/h2>\n\n\n\n<h3>Professional associations<\/h3>\n\n\n\n<div class=\"wp-container-18 wp-block-columns\">\n<div class=\"wp-container-16 wp-block-column\" style=\"flex-basis:60%\">\n<p>Das<em> Institute of ICT Professionals Ghana (IIPGH)<\/em> ist ein Berufsverband, der sich aus Fachpersonen aus verschiedenen Bereichen der Informations- und Kommunikationstechnologie (IKT) zusammensetzt, um in Ghana ein dynamisches IKT-\u00d6kosystem zu schaffen.<\/p>\n<\/div>\n\n\n\n<div class=\"wp-container-17 wp-block-column\" style=\"flex-basis:15%\">\n<figure class=\"wp-block-image size-large\"><img loading=\"lazy\" width=\"1024\" height=\"724\" src=\"https:\/\/afosfoundation.org\/wp-content\/uploads\/2023\/02\/IIPGH-LOGO-1024x724.png\" alt=\"\" class=\"wp-image-4441\" srcset=\"https:\/\/afosfoundation.org\/wp-content\/uploads\/2023\/02\/IIPGH-LOGO-1024x724.png 1024w, https:\/\/afosfoundation.org\/wp-content\/uploads\/2023\/02\/IIPGH-LOGO-360x255.png 360w, https:\/\/afosfoundation.org\/wp-content\/uploads\/2023\/02\/IIPGH-LOGO-768x543.png 768w, https:\/\/afosfoundation.org\/wp-content\/uploads\/2023\/02\/IIPGH-LOGO-1536x1086.png 1536w, https:\/\/afosfoundation.org\/wp-content\/uploads\/2023\/02\/IIPGH-LOGO-2048x1448.png 2048w\" sizes=\"(max-width: 1024px) 100vw, 1024px\" \/><\/figure>\n<\/div>\n<\/div>\n\n\n\n<div class=\"wp-container-21 wp-block-columns\">\n<div class=\"wp-container-19 wp-block-column\" style=\"flex-basis:60%\">\n<p>The <em>Confederation of Employers of the Mexican Republic (COPARMEX)<\/em> is a voluntary business organization that seeks representation in the workplace and in society. Its numerous member companies across the country accounted for around 5 million formal jobs in 2022. <em> Coparmex Zona Metropolitana de<\/em> Le\u00f3n, is located in the state of Guanajuato in the city of Le\u00f3n.<\/p>\n<\/div>\n\n\n\n<div class=\"wp-container-20 wp-block-column\" style=\"flex-basis:15%\"><div class=\"wp-block-image\">\n<figure class=\"aligncenter size-large\"><img loading=\"lazy\" width=\"1024\" height=\"791\" src=\"https:\/\/afosfoundation.org\/wp-content\/uploads\/2023\/02\/Nueva-composicion_2023-02-23-09-37-21-1024x791.png\" alt=\"\" class=\"wp-image-4499\" srcset=\"https:\/\/afosfoundation.org\/wp-content\/uploads\/2023\/02\/Nueva-composicion_2023-02-23-09-37-21-1024x791.png 1024w, https:\/\/afosfoundation.org\/wp-content\/uploads\/2023\/02\/Nueva-composicion_2023-02-23-09-37-21-360x278.png 360w, https:\/\/afosfoundation.org\/wp-content\/uploads\/2023\/02\/Nueva-composicion_2023-02-23-09-37-21-768x593.png 768w, https:\/\/afosfoundation.org\/wp-content\/uploads\/2023\/02\/Nueva-composicion_2023-02-23-09-37-21-1536x1187.png 1536w, https:\/\/afosfoundation.org\/wp-content\/uploads\/2023\/02\/Nueva-composicion_2023-02-23-09-37-21.png 1600w\" sizes=\"(max-width: 1024px) 100vw, 1024px\" \/><\/figure><\/div><\/div>\n<\/div>\n\n\n\n<h3>Chambers of Commerce and Industry<\/h3>\n\n\n\n<div class=\"wp-container-24 wp-block-columns\">\n<div class=\"wp-container-22 wp-block-column\" style=\"flex-basis:60%\">\n<p>Die <em>C\u00e1mara de Comercio de Medell\u00edn para Antioquia <\/em>(Handelskammer Medell\u00edn f\u00fcr die Region Antioquia) in Kolumbien ist eine f\u00fchrende Einrichtung in der Region, die sich auf Unternehmensdienstleistungen konzentriert.<\/p>\n<\/div>\n\n\n\n<div class=\"wp-container-23 wp-block-column\" style=\"flex-basis:15%\">\n<figure class=\"wp-block-image size-large\"><img loading=\"lazy\" width=\"1024\" height=\"420\" src=\"https:\/\/afosfoundation.org\/wp-content\/uploads\/2023\/02\/Camara_MEDELLIN_Sinrecuadro-003-1024x420.png\" alt=\"\" class=\"wp-image-4409\" srcset=\"https:\/\/afosfoundation.org\/wp-content\/uploads\/2023\/02\/Camara_MEDELLIN_Sinrecuadro-003-1024x420.png 1024w, https:\/\/afosfoundation.org\/wp-content\/uploads\/2023\/02\/Camara_MEDELLIN_Sinrecuadro-003-360x148.png 360w, https:\/\/afosfoundation.org\/wp-content\/uploads\/2023\/02\/Camara_MEDELLIN_Sinrecuadro-003-768x315.png 768w, https:\/\/afosfoundation.org\/wp-content\/uploads\/2023\/02\/Camara_MEDELLIN_Sinrecuadro-003-1536x629.png 1536w, https:\/\/afosfoundation.org\/wp-content\/uploads\/2023\/02\/Camara_MEDELLIN_Sinrecuadro-003.png 1867w\" sizes=\"(max-width: 1024px) 100vw, 1024px\" \/><\/figure>\n<\/div>\n<\/div>\n\n\n\n<div class=\"wp-container-27 wp-block-columns\">\n<div class=\"wp-container-25 wp-block-column\" style=\"flex-basis:60%\">\n<p>The <em>Consejo de C\u00e1maras Industriales de Jalisco (CCIJ<\/em> ) (Association of Chambers of Commerce of Jalisco) represents the voice of industrialists vis-\u00e0-vis government and society. CCIJ is committed to the dual education model by educating university students to strengthen the growth and development of the economy in Jalisco and Mexico.<\/p>\n<\/div>\n\n\n\n<div class=\"wp-container-26 wp-block-column\" style=\"flex-basis:15%\">\n<figure class=\"wp-block-image size-full\"><img loading=\"lazy\" width=\"690\" height=\"455\" src=\"https:\/\/afosfoundation.org\/wp-content\/uploads\/2023\/02\/CCIJ-2.png\" alt=\"CCIJ 2023\" class=\"wp-image-4277\" srcset=\"https:\/\/afosfoundation.org\/wp-content\/uploads\/2023\/02\/CCIJ-2.png 690w, https:\/\/afosfoundation.org\/wp-content\/uploads\/2023\/02\/CCIJ-2-360x237.png 360w\" sizes=\"(max-width: 690px) 100vw, 690px\" \/><\/figure>\n<\/div>\n<\/div>\n\n\n\n<div class=\"wp-container-30 wp-block-columns\">\n<div class=\"wp-container-28 wp-block-column\" style=\"flex-basis:60%\">\n<p>Die <em>Chambers of Commerce and Industry der Regionen Bohol, Cebu und Siquijor<\/em>, auf den Philippinen, arbeiten daran, eine gerechtere und effizientere Wirtschaft zu f\u00f6rdern und die nachhaltige Leistungsf\u00e4higkeit der Unternehmen in der Gemeinschaft zu verbessern.<\/p>\n<\/div>\n\n\n\n<div class=\"wp-container-29 wp-block-column\" style=\"flex-basis:15%\"><div class=\"wp-block-image\">\n<figure class=\"aligncenter size-full\"><img loading=\"lazy\" width=\"99\" height=\"140\" src=\"https:\/\/afosfoundation.org\/wp-content\/uploads\/2022\/08\/CCCI-Logo-1_1-1-e1676292465875.png\" alt=\"Cebu Chamber of Commerce and Industry\" class=\"wp-image-3555\"\/><\/figure><\/div><\/div>\n<\/div>\n\n\n\n<h3>Educational institutions<\/h3>\n\n\n\n<div class=\"wp-container-33 wp-block-columns\">\n<div class=\"wp-container-31 wp-block-column\">\n<p>Accra Technical University, Ghana<\/p>\n<\/div>\n\n\n\n<div class=\"wp-container-32 wp-block-column\">\n<figure class=\"wp-block-image size-full is-resized\"><img loading=\"lazy\" src=\"https:\/\/afosfoundation.org\/wp-content\/uploads\/2023\/02\/Accra-Technical-University1.png\" alt=\"\" class=\"wp-image-4520\" width=\"212\" height=\"80\"\/><\/figure>\n<\/div>\n<\/div>\n\n\n\n<div class=\"wp-container-36 wp-block-columns\">\n<div class=\"wp-container-34 wp-block-column\">\n<p>University of Cape Coast, Ghana<\/p>\n<\/div>\n\n\n\n<div class=\"wp-container-35 wp-block-column\">\n<figure class=\"wp-block-image size-full is-resized\"><img loading=\"lazy\" src=\"https:\/\/afosfoundation.org\/wp-content\/uploads\/2023\/02\/ucc_logo_new.png\" alt=\"\" class=\"wp-image-4522\" width=\"313\" height=\"47\" srcset=\"https:\/\/afosfoundation.org\/wp-content\/uploads\/2023\/02\/ucc_logo_new.png 370w, https:\/\/afosfoundation.org\/wp-content\/uploads\/2023\/02\/ucc_logo_new-360x54.png 360w\" sizes=\"(max-width: 313px) 100vw, 313px\" \/><\/figure>\n<\/div>\n<\/div>\n\n\n\n<div class=\"wp-container-39 wp-block-columns\">\n<div class=\"wp-container-37 wp-block-column\" style=\"flex-basis:60%\">\n<p>Servicio Nacional de Aprendizaje (SENA), National Service for Vocational Training, Colombia<\/p>\n<\/div>\n\n\n\n<div class=\"wp-container-38 wp-block-column\"><\/div>\n<\/div>\n\n\n\n<h3>Non-Governmental Organisations<\/h3>\n\n\n\n<div class=\"wp-container-42 wp-block-columns\">\n<div class=\"wp-container-40 wp-block-column\" style=\"flex-basis:60%\">\n<p>Das <em>Microfinance Learning and Development Centre (MLDC) <\/em>arbeitet daran, ein Ressourcenzentrum f\u00fcr alle Mikrofinanzinstitutionen- und Mikroversicherungsinstitutionen und ihre Interessenvertretenden in Nigeria und dar\u00fcber hinaus zu werden. <\/p>\n<\/div>\n\n\n\n<div class=\"wp-container-41 wp-block-column\" style=\"flex-basis:15%\">\n<figure class=\"wp-block-image size-full is-resized\"><img loading=\"lazy\" src=\"https:\/\/afosfoundation.org\/wp-content\/uploads\/2023\/03\/New-MLDC-Logo-modified.png\" alt=\"\" class=\"wp-image-4542\" width=\"289\" height=\"89\"\/><\/figure>\n<\/div>\n<\/div>\n\n\n\n<div class=\"wp-container-45 wp-block-columns\">\n<div class=\"wp-container-43 wp-block-column\" style=\"flex-basis:60%\">\n<p>The Nigerian Microfinance Platform (NMP) is the leading network of all major players in the Nigerian microfinance sector. The Microfinance Learning and Development Centre offers sector-specific education (MLDC). <\/p>\n<\/div>\n\n\n\n<div class=\"wp-container-44 wp-block-column\" style=\"flex-basis:15%\">\n<figure class=\"wp-block-image size-full is-resized\"><img loading=\"lazy\" src=\"https:\/\/afosfoundation.org\/wp-content\/uploads\/2023\/03\/NMP-LOGO-modified.png\" alt=\"\" class=\"wp-image-4546\" width=\"161\" height=\"92\" srcset=\"https:\/\/afosfoundation.org\/wp-content\/uploads\/2023\/03\/NMP-LOGO-modified.png 537w, https:\/\/afosfoundation.org\/wp-content\/uploads\/2023\/03\/NMP-LOGO-modified-360x208.png 360w\" sizes=\"(max-width: 161px) 100vw, 161px\" \/><\/figure>\n<\/div>\n<\/div>\n\n\n\n<div class=\"wp-container-48 wp-block-columns\">\n<div class=\"wp-container-46 wp-block-column\" style=\"flex-basis:60%\">\n<p>The <em>Organic Farming Academy (OFA)<\/em> in Zimbabwe supports smallholder farmers and game gatherers through training in certified and regenerative organic farming to ensure that their agricultural products meet international standards.<\/p>\n<\/div>\n\n\n\n<div class=\"wp-container-47 wp-block-column\" style=\"flex-basis:15%\"><div class=\"wp-block-image\">\n<figure class=\"aligncenter size-large\"><img loading=\"lazy\" width=\"1024\" height=\"1024\" src=\"https:\/\/afosfoundation.org\/wp-content\/uploads\/2023\/02\/Organic-Farming-Academy-logo-no-BG-1024x1024.png\" alt=\"\" class=\"wp-image-4402\" srcset=\"https:\/\/afosfoundation.org\/wp-content\/uploads\/2023\/02\/Organic-Farming-Academy-logo-no-BG-1024x1024.png 1024w, https:\/\/afosfoundation.org\/wp-content\/uploads\/2023\/02\/Organic-Farming-Academy-logo-no-BG-360x360.png 360w, https:\/\/afosfoundation.org\/wp-content\/uploads\/2023\/02\/Organic-Farming-Academy-logo-no-BG-150x150.png 150w, https:\/\/afosfoundation.org\/wp-content\/uploads\/2023\/02\/Organic-Farming-Academy-logo-no-BG-768x768.png 768w, https:\/\/afosfoundation.org\/wp-content\/uploads\/2023\/02\/Organic-Farming-Academy-logo-no-BG-242x242.png 242w, https:\/\/afosfoundation.org\/wp-content\/uploads\/2023\/02\/Organic-Farming-Academy-logo-no-BG.png 1182w\" sizes=\"(max-width: 1024px) 100vw, 1024px\" \/><\/figure><\/div><\/div>\n<\/div>\n\n\n\n<h3>Partners from Industry<\/h3>\n\n\n\n<p>In our project countries, we cooperate with numerous partners from industry, among others. Informationen zu den jeweiligen Industriepartnern finden Sie auf den jeweiligen Projektseiten.<\/p>\n","protected":false},"excerpt":{"rendered":"<p>Our partners in Germany Founded by members of the Federation of Catholic Entrepreneurs (BKU), our foundation maintains good relations with the BKU to this day. If required, he always provides us with technical expertise for our projects. The German Federal Ministry for Economic Cooperation and Development (BMZ) enables our projects to be implemented through financial [&hellip;]<\/p>\n","protected":false},"author":1,"featured_media":0,"parent":3796,"menu_order":0,"comment_status":"closed","ping_status":"closed","template":"who-we-are-page-template.php","meta":[],"acf":[],"yoast_head":"<!-- This site is optimized with the Yoast SEO plugin v19.5.1 - https:\/\/yoast.com\/wordpress\/plugins\/seo\/ -->\n<title>Our Partners - Afosfoundation<\/title>\n<meta name=\"description\" content=\"As an AFOS Foundation, we cooperate with various project partners in Germany and locally in Africa, Asia and Latin America.\" \/>\n<meta name=\"robots\" content=\"index, follow, max-snippet:-1, max-image-preview:large, max-video-preview:-1\" \/>\n<link rel=\"canonical\" href=\"https:\/\/afosfoundation.org\/en\/about-us\/our-partners\/\" \/>\n<meta property=\"og:locale\" content=\"en_US\" \/>\n<meta property=\"og:type\" content=\"article\" \/>\n<meta property=\"og:title\" content=\"Our Partners - Afosfoundation\" \/>\n<meta property=\"og:description\" content=\"As an AFOS Foundation, we cooperate with various project partners in Germany and locally in Africa, Asia and Latin America.\" \/>\n<meta property=\"og:url\" content=\"https:\/\/afosfoundation.org\/en\/about-us\/our-partners\/\" \/>\n<meta property=\"og:site_name\" content=\"Afosfoundation\" \/>\n<meta property=\"article:modified_time\" content=\"2023-07-28T07:19:48+00:00\" \/>\n<meta property=\"og:image\" content=\"https:\/\/afosfoundation.org\/wp-content\/uploads\/2023\/03\/BKU_transparent.png\" \/>\n<meta name=\"twitter:card\" content=\"summary_large_image\" \/>\n<meta name=\"twitter:label1\" content=\"Est. reading time\" \/>\n\t<meta name=\"twitter:data1\" content=\"6 minutes\" \/>\n<script type=\"application\/ld+json\" class=\"yoast-schema-graph\">{\"@context\":\"https:\/\/schema.org\",\"@graph\":[{\"@type\":\"WebPage\",\"@id\":\"https:\/\/afosfoundation.org\/en\/about-us\/our-partners\/\",\"url\":\"https:\/\/afosfoundation.org\/en\/about-us\/our-partners\/\",\"name\":\"Our Partners - Afosfoundation\",\"isPartOf\":{\"@id\":\"https:\/\/afosfoundation.org\/en\/#website\"},\"datePublished\":\"2022-07-22T11:48:00+00:00\",\"dateModified\":\"2023-07-28T07:19:48+00:00\",\"description\":\"As an AFOS Foundation, we cooperate with various project partners in Germany and locally in Africa, Asia and Latin America.\",\"breadcrumb\":{\"@id\":\"https:\/\/afosfoundation.org\/en\/about-us\/our-partners\/#breadcrumb\"},\"inLanguage\":\"en-US\",\"potentialAction\":[{\"@type\":\"ReadAction\",\"target\":[\"https:\/\/afosfoundation.org\/en\/about-us\/our-partners\/\"]}]},{\"@type\":\"BreadcrumbList\",\"@id\":\"https:\/\/afosfoundation.org\/en\/about-us\/our-partners\/#breadcrumb\",\"itemListElement\":[{\"@type\":\"ListItem\",\"position\":1,\"name\":\"Home\",\"item\":\"https:\/\/afosfoundation.org\/en\/\"},{\"@type\":\"ListItem\",\"position\":2,\"name\":\"About Us\",\"item\":\"https:\/\/afosfoundation.org\/en\/about-us\/\"},{\"@type\":\"ListItem\",\"position\":3,\"name\":\"Our Partners\"}]},{\"@type\":\"WebSite\",\"@id\":\"https:\/\/afosfoundation.org\/en\/#website\",\"url\":\"https:\/\/afosfoundation.org\/en\/\",\"name\":\"Afosfoundation\",\"description\":\"Afosfoundation\",\"publisher\":{\"@id\":\"https:\/\/afosfoundation.org\/en\/#organization\"},\"potentialAction\":[{\"@type\":\"SearchAction\",\"target\":{\"@type\":\"EntryPoint\",\"urlTemplate\":\"https:\/\/afosfoundation.org\/en\/?s={search_term_string}\"},\"query-input\":\"required name=search_term_string\"}],\"inLanguage\":\"en-US\"},{\"@type\":\"Organization\",\"@id\":\"https:\/\/afosfoundation.org\/en\/#organization\",\"name\":\"Afosfoundation\",\"url\":\"https:\/\/afosfoundation.org\/en\/\",\"sameAs\":[],\"logo\":{\"@type\":\"ImageObject\",\"inLanguage\":\"en-US\",\"@id\":\"https:\/\/afosfoundation.org\/en\/#\/schema\/logo\/image\/\",\"url\":\"https:\/\/afosfoundation.org\/wp-content\/uploads\/2023\/05\/Untitled-design-1.jpg\",\"contentUrl\":\"https:\/\/afosfoundation.org\/wp-content\/uploads\/2023\/05\/Untitled-design-1.jpg\",\"width\":1200,\"height\":519,\"caption\":\"Afosfoundation\"},\"image\":{\"@id\":\"https:\/\/afosfoundation.org\/en\/#\/schema\/logo\/image\/\"}}]}<\/script>\n<!-- \/ Yoast SEO plugin. -->","yoast_head_json":{"title":"Our Partners - Afosfoundation","description":"As an AFOS Foundation, we cooperate with various project partners in Germany and locally in Africa, Asia and Latin America.","robots":{"index":"index","follow":"follow","max-snippet":"max-snippet:-1","max-image-preview":"max-image-preview:large","max-video-preview":"max-video-preview:-1"},"canonical":"https:\/\/afosfoundation.org\/en\/about-us\/our-partners\/","og_locale":"en_US","og_type":"article","og_title":"Our Partners - Afosfoundation","og_description":"As an AFOS Foundation, we cooperate with various project partners in Germany and locally in Africa, Asia and Latin America.","og_url":"https:\/\/afosfoundation.org\/en\/about-us\/our-partners\/","og_site_name":"Afosfoundation","article_modified_time":"2023-07-28T07:19:48+00:00","og_image":[{"url":"https:\/\/afosfoundation.org\/wp-content\/uploads\/2023\/03\/BKU_transparent.png"}],"twitter_card":"summary_large_image","twitter_misc":{"Est. reading time":"6 minutes"},"schema":{"@context":"https:\/\/schema.org","@graph":[{"@type":"WebPage","@id":"https:\/\/afosfoundation.org\/en\/about-us\/our-partners\/","url":"https:\/\/afosfoundation.org\/en\/about-us\/our-partners\/","name":"Our Partners - Afosfoundation","isPartOf":{"@id":"https:\/\/afosfoundation.org\/en\/#website"},"datePublished":"2022-07-22T11:48:00+00:00","dateModified":"2023-07-28T07:19:48+00:00","description":"As an AFOS Foundation, we cooperate with various project partners in Germany and locally in Africa, Asia and Latin America.","breadcrumb":{"@id":"https:\/\/afosfoundation.org\/en\/about-us\/our-partners\/#breadcrumb"},"inLanguage":"en-US","potentialAction":[{"@type":"ReadAction","target":["https:\/\/afosfoundation.org\/en\/about-us\/our-partners\/"]}]},{"@type":"BreadcrumbList","@id":"https:\/\/afosfoundation.org\/en\/about-us\/our-partners\/#breadcrumb","itemListElement":[{"@type":"ListItem","position":1,"name":"Home","item":"https:\/\/afosfoundation.org\/en\/"},{"@type":"ListItem","position":2,"name":"About Us","item":"https:\/\/afosfoundation.org\/en\/about-us\/"},{"@type":"ListItem","position":3,"name":"Our Partners"}]},{"@type":"WebSite","@id":"https:\/\/afosfoundation.org\/en\/#website","url":"https:\/\/afosfoundation.org\/en\/","name":"Afosfoundation","description":"Afosfoundation","publisher":{"@id":"https:\/\/afosfoundation.org\/en\/#organization"},"potentialAction":[{"@type":"SearchAction","target":{"@type":"EntryPoint","urlTemplate":"https:\/\/afosfoundation.org\/en\/?s={search_term_string}"},"query-input":"required name=search_term_string"}],"inLanguage":"en-US"},{"@type":"Organization","@id":"https:\/\/afosfoundation.org\/en\/#organization","name":"Afosfoundation","url":"https:\/\/afosfoundation.org\/en\/","sameAs":[],"logo":{"@type":"ImageObject","inLanguage":"en-US","@id":"https:\/\/afosfoundation.org\/en\/#\/schema\/logo\/image\/","url":"https:\/\/afosfoundation.org\/wp-content\/uploads\/2023\/05\/Untitled-design-1.jpg","contentUrl":"https:\/\/afosfoundation.org\/wp-content\/uploads\/2023\/05\/Untitled-design-1.jpg","width":1200,"height":519,"caption":"Afosfoundation"},"image":{"@id":"https:\/\/afosfoundation.org\/en\/#\/schema\/logo\/image\/"}}]}},"_links":{"self":[{"href":"https:\/\/afosfoundation.org\/en\/wp-json\/wp\/v2\/pages\/3113"}],"collection":[{"href":"https:\/\/afosfoundation.org\/en\/wp-json\/wp\/v2\/pages"}],"about":[{"href":"https:\/\/afosfoundation.org\/en\/wp-json\/wp\/v2\/types\/page"}],"author":[{"embeddable":true,"href":"https:\/\/afosfoundation.org\/en\/wp-json\/wp\/v2\/users\/1"}],"replies":[{"embeddable":true,"href":"https:\/\/afosfoundation.org\/en\/wp-json\/wp\/v2\/comments?post=3113"}],"version-history":[{"count":0,"href":"https:\/\/afosfoundation.org\/en\/wp-json\/wp\/v2\/pages\/3113\/revisions"}],"up":[{"embeddable":true,"href":"https:\/\/afosfoundation.org\/en\/wp-json\/wp\/v2\/pages\/3796"}],"wp:attachment":[{"href":"https:\/\/afosfoundation.org\/en\/wp-json\/wp\/v2\/media?parent=3113"}],"curies":[{"name":"wp","href":"https:\/\/api.w.org\/{rel}","templated":true}]}}