{"id":3726,"date":"2022-08-11T06:23:24","date_gmt":"2022-08-11T06:23:24","guid":{"rendered":"https:\/\/mywebsitesdemo.com\/VA\/afosfoundation\/machen-sie-eine-spende\/"},"modified":"2022-08-19T07:37:49","modified_gmt":"2022-08-19T07:37:49","slug":"machen-sie-eine-spende","status":"publish","type":"page","link":"https:\/\/afosfoundation.org\/de\/kontakt\/machen-sie-eine-spende\/","title":{"rendered":"Machen Sie eine Spende"},"content":{"rendered":"\n<p class=\"has-text-align-center\">Helfen Sie uns, mehr zu tun. Mit Ihrer Unterst\u00fctzung k\u00f6nnen wir gemeinsam eine bessere Zukunft f\u00fcr alle aufbauen.<\/p>\n\n<p class=\"has-text-align-center\">Spenden und Zustiftungen an wohlt\u00e4tige anerkannte Stiftungen und Organisationen sind nach \u00a7\u00a7 10b des Einkommensteuergesetzes steuerlich absetzbar, also auch Spenden und Zustiftungen an die AFOS Foundation.<\/p>\n","protected":false},"excerpt":{"rendered":"<p>Helfen Sie uns, mehr zu tun. Mit Ihrer Unterst\u00fctzung k\u00f6nnen wir gemeinsam eine bessere Zukunft f\u00fcr alle aufbauen. Spenden und Zustiftungen an wohlt\u00e4tige anerkannte Stiftungen und Organisationen sind nach \u00a7\u00a7 10b des Einkommensteuergesetzes steuerlich absetzbar, also auch Spenden und Zustiftungen an die AFOS Foundation.<\/p>\n","protected":false},"author":1,"featured_media":0,"parent":3814,"menu_order":0,"comment_status":"closed","ping_status":"closed","template":"donate-now-page.php","meta":[],"acf":[],"yoast_head":"<!-- This site is optimized with the Yoast SEO plugin v19.5.1 - https:\/\/yoast.com\/wordpress\/plugins\/seo\/ -->\n<title>Machen Sie eine Spende - Afosfoundation<\/title>\n<meta name=\"robots\" content=\"index, follow, max-snippet:-1, max-image-preview:large, max-video-preview:-1\" \/>\n<link rel=\"canonical\" href=\"https:\/\/afosfoundation.org\/de\/kontakt\/machen-sie-eine-spende\/\" \/>\n<meta property=\"og:locale\" content=\"de_DE\" \/>\n<meta property=\"og:type\" content=\"article\" \/>\n<meta property=\"og:title\" content=\"Machen Sie eine Spende - Afosfoundation\" \/>\n<meta property=\"og:description\" content=\"Helfen Sie uns, mehr zu tun. Mit Ihrer Unterst\u00fctzung k\u00f6nnen wir gemeinsam eine bessere Zukunft f\u00fcr alle aufbauen. Spenden und Zustiftungen an wohlt\u00e4tige anerkannte Stiftungen und Organisationen sind nach \u00a7\u00a7 10b des Einkommensteuergesetzes steuerlich absetzbar, also auch Spenden und Zustiftungen an die AFOS Foundation.\" \/>\n<meta property=\"og:url\" content=\"https:\/\/afosfoundation.org\/de\/kontakt\/machen-sie-eine-spende\/\" \/>\n<meta property=\"og:site_name\" content=\"Afosfoundation\" \/>\n<meta property=\"article:modified_time\" content=\"2022-08-19T07:37:49+00:00\" \/>\n<meta name=\"twitter:card\" content=\"summary_large_image\" \/>\n<script type=\"application\/ld+json\" class=\"yoast-schema-graph\">{\"@context\":\"https:\/\/schema.org\",\"@graph\":[{\"@type\":\"WebPage\",\"@id\":\"https:\/\/afosfoundation.org\/de\/kontakt\/machen-sie-eine-spende\/\",\"url\":\"https:\/\/afosfoundation.org\/de\/kontakt\/machen-sie-eine-spende\/\",\"name\":\"Machen Sie eine Spende - Afosfoundation\",\"isPartOf\":{\"@id\":\"https:\/\/afosfoundation.org\/de\/#website\"},\"datePublished\":\"2022-08-11T06:23:24+00:00\",\"dateModified\":\"2022-08-19T07:37:49+00:00\",\"breadcrumb\":{\"@id\":\"https:\/\/afosfoundation.org\/de\/kontakt\/machen-sie-eine-spende\/#breadcrumb\"},\"inLanguage\":\"de-DE\",\"potentialAction\":[{\"@type\":\"ReadAction\",\"target\":[\"https:\/\/afosfoundation.org\/de\/kontakt\/machen-sie-eine-spende\/\"]}]},{\"@type\":\"BreadcrumbList\",\"@id\":\"https:\/\/afosfoundation.org\/de\/kontakt\/machen-sie-eine-spende\/#breadcrumb\",\"itemListElement\":[{\"@type\":\"ListItem\",\"position\":1,\"name\":\"Home\",\"item\":\"https:\/\/afosfoundation.org\/de\/\"},{\"@type\":\"ListItem\",\"position\":2,\"name\":\"Kontakt\",\"item\":\"https:\/\/afosfoundation.org\/de\/kontakt\/\"},{\"@type\":\"ListItem\",\"position\":3,\"name\":\"Machen Sie eine Spende\"}]},{\"@type\":\"WebSite\",\"@id\":\"https:\/\/afosfoundation.org\/de\/#website\",\"url\":\"https:\/\/afosfoundation.org\/de\/\",\"name\":\"Afosfoundation\",\"description\":\"Afosfoundation\",\"publisher\":{\"@id\":\"https:\/\/afosfoundation.org\/de\/#organization\"},\"potentialAction\":[{\"@type\":\"SearchAction\",\"target\":{\"@type\":\"EntryPoint\",\"urlTemplate\":\"https:\/\/afosfoundation.org\/de\/?s={search_term_string}\"},\"query-input\":\"required name=search_term_string\"}],\"inLanguage\":\"de-DE\"},{\"@type\":\"Organization\",\"@id\":\"https:\/\/afosfoundation.org\/de\/#organization\",\"name\":\"Afosfoundation\",\"url\":\"https:\/\/afosfoundation.org\/de\/\",\"sameAs\":[],\"logo\":{\"@type\":\"ImageObject\",\"inLanguage\":\"de-DE\",\"@id\":\"https:\/\/afosfoundation.org\/de\/#\/schema\/logo\/image\/\",\"url\":\"https:\/\/afosfoundation.org\/wp-content\/uploads\/2023\/05\/Untitled-design-1.jpg\",\"contentUrl\":\"https:\/\/afosfoundation.org\/wp-content\/uploads\/2023\/05\/Untitled-design-1.jpg\",\"width\":1200,\"height\":519,\"caption\":\"Afosfoundation\"},\"image\":{\"@id\":\"https:\/\/afosfoundation.org\/de\/#\/schema\/logo\/image\/\"}}]}<\/script>\n<!-- \/ Yoast SEO plugin. -->","yoast_head_json":{"title":"Machen Sie eine Spende - Afosfoundation","robots":{"index":"index","follow":"follow","max-snippet":"max-snippet:-1","max-image-preview":"max-image-preview:large","max-video-preview":"max-video-preview:-1"},"canonical":"https:\/\/afosfoundation.org\/de\/kontakt\/machen-sie-eine-spende\/","og_locale":"de_DE","og_type":"article","og_title":"Machen Sie eine Spende - Afosfoundation","og_description":"Helfen Sie uns, mehr zu tun. Mit Ihrer Unterst\u00fctzung k\u00f6nnen wir gemeinsam eine bessere Zukunft f\u00fcr alle aufbauen. Spenden und Zustiftungen an wohlt\u00e4tige anerkannte Stiftungen und Organisationen sind nach \u00a7\u00a7 10b des Einkommensteuergesetzes steuerlich absetzbar, also auch Spenden und Zustiftungen an die AFOS Foundation.","og_url":"https:\/\/afosfoundation.org\/de\/kontakt\/machen-sie-eine-spende\/","og_site_name":"Afosfoundation","article_modified_time":"2022-08-19T07:37:49+00:00","twitter_card":"summary_large_image","schema":{"@context":"https:\/\/schema.org","@graph":[{"@type":"WebPage","@id":"https:\/\/afosfoundation.org\/de\/kontakt\/machen-sie-eine-spende\/","url":"https:\/\/afosfoundation.org\/de\/kontakt\/machen-sie-eine-spende\/","name":"Machen Sie eine Spende - Afosfoundation","isPartOf":{"@id":"https:\/\/afosfoundation.org\/de\/#website"},"datePublished":"2022-08-11T06:23:24+00:00","dateModified":"2022-08-19T07:37:49+00:00","breadcrumb":{"@id":"https:\/\/afosfoundation.org\/de\/kontakt\/machen-sie-eine-spende\/#breadcrumb"},"inLanguage":"de-DE","potentialAction":[{"@type":"ReadAction","target":["https:\/\/afosfoundation.org\/de\/kontakt\/machen-sie-eine-spende\/"]}]},{"@type":"BreadcrumbList","@id":"https:\/\/afosfoundation.org\/de\/kontakt\/machen-sie-eine-spende\/#breadcrumb","itemListElement":[{"@type":"ListItem","position":1,"name":"Home","item":"https:\/\/afosfoundation.org\/de\/"},{"@type":"ListItem","position":2,"name":"Kontakt","item":"https:\/\/afosfoundation.org\/de\/kontakt\/"},{"@type":"ListItem","position":3,"name":"Machen Sie eine Spende"}]},{"@type":"WebSite","@id":"https:\/\/afosfoundation.org\/de\/#website","url":"https:\/\/afosfoundation.org\/de\/","name":"Afosfoundation","description":"Afosfoundation","publisher":{"@id":"https:\/\/afosfoundation.org\/de\/#organization"},"potentialAction":[{"@type":"SearchAction","target":{"@type":"EntryPoint","urlTemplate":"https:\/\/afosfoundation.org\/de\/?s={search_term_string}"},"query-input":"required name=search_term_string"}],"inLanguage":"de-DE"},{"@type":"Organization","@id":"https:\/\/afosfoundation.org\/de\/#organization","name":"Afosfoundation","url":"https:\/\/afosfoundation.org\/de\/","sameAs":[],"logo":{"@type":"ImageObject","inLanguage":"de-DE","@id":"https:\/\/afosfoundation.org\/de\/#\/schema\/logo\/image\/","url":"https:\/\/afosfoundation.org\/wp-content\/uploads\/2023\/05\/Untitled-design-1.jpg","contentUrl":"https:\/\/afosfoundation.org\/wp-content\/uploads\/2023\/05\/Untitled-design-1.jpg","width":1200,"height":519,"caption":"Afosfoundation"},"image":{"@id":"https:\/\/afosfoundation.org\/de\/#\/schema\/logo\/image\/"}}]}},"_links":{"self":[{"href":"https:\/\/afosfoundation.org\/de\/wp-json\/wp\/v2\/pages\/3726"}],"collection":[{"href":"https:\/\/afosfoundation.org\/de\/wp-json\/wp\/v2\/pages"}],"about":[{"href":"https:\/\/afosfoundation.org\/de\/wp-json\/wp\/v2\/types\/page"}],"author":[{"embeddable":true,"href":"https:\/\/afosfoundation.org\/de\/wp-json\/wp\/v2\/users\/1"}],"replies":[{"embeddable":true,"href":"https:\/\/afosfoundation.org\/de\/wp-json\/wp\/v2\/comments?post=3726"}],"version-history":[{"count":0,"href":"https:\/\/afosfoundation.org\/de\/wp-json\/wp\/v2\/pages\/3726\/revisions"}],"up":[{"embeddable":true,"href":"https:\/\/afosfoundation.org\/de\/wp-json\/wp\/v2\/pages\/3814"}],"wp:attachment":[{"href":"https:\/\/afosfoundation.org\/de\/wp-json\/wp\/v2\/media?parent=3726"}],"curies":[{"name":"wp","href":"https:\/\/api.w.org\/{rel}","templated":true}]}}