{"id":3274,"date":"2022-07-22T11:48:00","date_gmt":"2022-07-22T11:48:00","guid":{"rendered":"https:\/\/mywebsitesdemo.com\/VA\/afosfoundation\/unsere-partner\/"},"modified":"2023-06-02T09:26:05","modified_gmt":"2023-06-02T09:26:05","slug":"unsere-partner","status":"publish","type":"page","link":"https:\/\/afosfoundation.org\/de\/ueber-uns\/unsere-partner\/","title":{"rendered":"Unsere Partner"},"content":{"rendered":"\n<p><\/p>\n\n\n\n<h2>Unsere Partner in Deutschland<\/h2>\n\n\n\n<div class=\"wp-container-4 wp-block-columns\">\n<div class=\"wp-container-1 wp-block-column\" style=\"flex-basis:60%\">\n<p>Von <em>Mitgliedern des Bundes Katholischer Unternehmer (BKU)<\/em> gegr\u00fcndet, pflegt unsere Stiftung bis heute gute Beziehungen zum BKU. Dieser stellt uns bei Bedarf immer wieder fachliche Expertise f\u00fcr unsere Projekte zur Verf\u00fcgung.<\/p>\n<\/div>\n\n\n\n<div class=\"wp-container-2 wp-block-column\" style=\"flex-basis:10px\"><\/div>\n\n\n\n<div class=\"wp-container-3 wp-block-column\" style=\"flex-basis:20%\">\n<figure class=\"wp-block-image size-full\"><img loading=\"lazy\" width=\"747\" height=\"334\" src=\"https:\/\/afosfoundation.org\/wp-content\/uploads\/2023\/03\/BKU_transparent.png\" alt=\"\" class=\"wp-image-4562\" srcset=\"https:\/\/afosfoundation.org\/wp-content\/uploads\/2023\/03\/BKU_transparent.png 747w, https:\/\/afosfoundation.org\/wp-content\/uploads\/2023\/03\/BKU_transparent-360x161.png 360w\" sizes=\"(max-width: 747px) 100vw, 747px\" \/><\/figure>\n<\/div>\n<\/div>\n\n\n\n<div class=\"wp-container-8 wp-block-columns\">\n<div class=\"wp-container-5 wp-block-column\" style=\"flex-basis:60%\">\n<p>Das <em>Bundesministerium f\u00fcr wirtschaftliche Zusammenarbeit und Entwicklung (BMZ)<\/em> erm\u00f6glicht die Durchf\u00fchrung unserer Projekte durch finanzielle Zuwendungen.<\/p>\n<\/div>\n\n\n\n<div class=\"wp-container-6 wp-block-column\" style=\"flex-basis:10px\"><\/div>\n\n\n\n<div class=\"wp-container-7 wp-block-column\" style=\"flex-basis:20%\">\n<figure class=\"wp-block-image size-full\"><img loading=\"lazy\" width=\"640\" height=\"298\" src=\"https:\/\/afosfoundation.org\/wp-content\/uploads\/2023\/02\/BMZ_Logo.svg_-2.png\" alt=\"\" class=\"wp-image-4479\" srcset=\"https:\/\/afosfoundation.org\/wp-content\/uploads\/2023\/02\/BMZ_Logo.svg_-2.png 640w, https:\/\/afosfoundation.org\/wp-content\/uploads\/2023\/02\/BMZ_Logo.svg_-2-360x168.png 360w\" sizes=\"(max-width: 640px) 100vw, 640px\" \/><\/figure>\n<\/div>\n<\/div>\n\n\n\n<div class=\"wp-container-12 wp-block-columns\">\n<div class=\"wp-container-9 wp-block-column\" style=\"flex-basis:60%\">\n<p>Die weltweit t\u00e4tige Entwicklungsorganisation <em>sequa gGmbH<\/em> unterst\u00fctzt uns bei der Verwaltung unserer Projekte. Mit sequa begleitet uns eine erfahrene Partnerin f\u00fcr die Durchf\u00fchrung von Programmen in Kooperation mit der deutschen Wirtschaft.<\/p>\n<\/div>\n\n\n\n<div class=\"wp-container-10 wp-block-column\" style=\"flex-basis:10px\"><\/div>\n\n\n\n<div class=\"wp-container-11 wp-block-column\" style=\"flex-basis:20%\">\n<figure class=\"wp-block-image size-large\"><img loading=\"lazy\" width=\"1024\" height=\"722\" src=\"https:\/\/afosfoundation.org\/wp-content\/uploads\/2023\/02\/logo_sequa_rgb_300_dpi-1024x722.png\" alt=\"\" class=\"wp-image-4445\" srcset=\"https:\/\/afosfoundation.org\/wp-content\/uploads\/2023\/02\/logo_sequa_rgb_300_dpi-1024x722.png 1024w, https:\/\/afosfoundation.org\/wp-content\/uploads\/2023\/02\/logo_sequa_rgb_300_dpi-360x254.png 360w, https:\/\/afosfoundation.org\/wp-content\/uploads\/2023\/02\/logo_sequa_rgb_300_dpi-768x541.png 768w, https:\/\/afosfoundation.org\/wp-content\/uploads\/2023\/02\/logo_sequa_rgb_300_dpi-1536x1083.png 1536w, https:\/\/afosfoundation.org\/wp-content\/uploads\/2023\/02\/logo_sequa_rgb_300_dpi-2048x1444.png 2048w\" sizes=\"(max-width: 1024px) 100vw, 1024px\" \/><\/figure>\n<\/div>\n<\/div>\n\n\n\n<p><\/p>\n\n\n\n<h3>Internationale Expertinnen und Experten<\/h3>\n\n\n\n<div class=\"wp-container-15 wp-block-columns\">\n<div class=\"wp-container-13 wp-block-column\" style=\"flex-basis:80%\">\n<p>Zahlreiche <strong>Fachpersonen aus verschiedenen Wirtschaftsbereichen<\/strong> engagieren sich f\u00fcr und in unseren Projekten zur F\u00f6rderung eines unabh\u00e4ngigen und verantwortlichen Unternehmertums in Afrika, Asien und Lateinamerika. Sie setzen sich auf verschiedenen Ebenen f\u00fcr unsere Ziele ein, <strong>beraten unsere Partner vor Ort <\/strong>und stellen ihre Expertise in Form von Weiterbildungsangeboten bereit.<\/p>\n<\/div>\n\n\n\n<div class=\"wp-container-14 wp-block-column\" style=\"flex-basis:0%\"><\/div>\n<\/div>\n\n\n\n<h2>Unsere Partner vor Ort<\/h2>\n\n\n\n<h3>Berufsverb\u00e4nde<\/h3>\n\n\n\n<div class=\"wp-container-18 wp-block-columns\">\n<div class=\"wp-container-16 wp-block-column\" style=\"flex-basis:60%\">\n<p>Das<em> Institute of ICT Professionals, Ghana (IIPGH)<\/em> ist ein Berufsverband, der sich aus Fachpersonen aus verschiedenen Bereichen der Informations- und Kommunikationstechnologie (IKT) zusammensetzt, um in Ghana ein dynamisches IKT-\u00d6kosystem zu schaffen.<\/p>\n<\/div>\n\n\n\n<div class=\"wp-container-17 wp-block-column\" style=\"flex-basis:15%\">\n<figure class=\"wp-block-image size-large\"><img loading=\"lazy\" width=\"1024\" height=\"724\" src=\"https:\/\/afosfoundation.org\/wp-content\/uploads\/2023\/02\/IIPGH-LOGO-1024x724.png\" alt=\"\" class=\"wp-image-4441\" srcset=\"https:\/\/afosfoundation.org\/wp-content\/uploads\/2023\/02\/IIPGH-LOGO-1024x724.png 1024w, https:\/\/afosfoundation.org\/wp-content\/uploads\/2023\/02\/IIPGH-LOGO-360x255.png 360w, https:\/\/afosfoundation.org\/wp-content\/uploads\/2023\/02\/IIPGH-LOGO-768x543.png 768w, https:\/\/afosfoundation.org\/wp-content\/uploads\/2023\/02\/IIPGH-LOGO-1536x1086.png 1536w, https:\/\/afosfoundation.org\/wp-content\/uploads\/2023\/02\/IIPGH-LOGO-2048x1448.png 2048w\" sizes=\"(max-width: 1024px) 100vw, 1024px\" \/><\/figure>\n<\/div>\n<\/div>\n\n\n\n<div class=\"wp-container-21 wp-block-columns\">\n<div class=\"wp-container-19 wp-block-column\" style=\"flex-basis:60%\">\n<p>Der <em>Arbeitgeberverband der mexikanischen Republik (COPARMEX)<\/em> ist eine freiwillige Unternehmensorganisation, die sich um die Vertretung am Arbeitsplatz und in der Gesellschaft bem\u00fcht. Seine  zahlreichen Mitgliedsunternehmen im ganzen Land verantwortlichten im Jahr 2022  rund 5 Millionen formelle Arbeitspl\u00e4tze.<em> Coparmex Zona Metropolitana de Le\u00f3n<\/em>, befindet sich im Bundesstaat Guanajuato in der Stadt Le\u00f3n.<\/p>\n<\/div>\n\n\n\n<div class=\"wp-container-20 wp-block-column\" style=\"flex-basis:15%\"><div class=\"wp-block-image\">\n<figure class=\"aligncenter size-large\"><img loading=\"lazy\" width=\"1024\" height=\"791\" src=\"https:\/\/afosfoundation.org\/wp-content\/uploads\/2023\/02\/Nueva-composicion_2023-02-23-09-37-21-1024x791.png\" alt=\"\" class=\"wp-image-4499\" srcset=\"https:\/\/afosfoundation.org\/wp-content\/uploads\/2023\/02\/Nueva-composicion_2023-02-23-09-37-21-1024x791.png 1024w, https:\/\/afosfoundation.org\/wp-content\/uploads\/2023\/02\/Nueva-composicion_2023-02-23-09-37-21-360x278.png 360w, https:\/\/afosfoundation.org\/wp-content\/uploads\/2023\/02\/Nueva-composicion_2023-02-23-09-37-21-768x593.png 768w, https:\/\/afosfoundation.org\/wp-content\/uploads\/2023\/02\/Nueva-composicion_2023-02-23-09-37-21-1536x1187.png 1536w, https:\/\/afosfoundation.org\/wp-content\/uploads\/2023\/02\/Nueva-composicion_2023-02-23-09-37-21.png 1600w\" sizes=\"(max-width: 1024px) 100vw, 1024px\" \/><\/figure><\/div><\/div>\n<\/div>\n\n\n\n<h3>Industrie- und Handelskammern<\/h3>\n\n\n\n<div class=\"wp-container-24 wp-block-columns\">\n<div class=\"wp-container-22 wp-block-column\" style=\"flex-basis:60%\">\n<p>Die <em>C\u00e1mara de Comercio de Medell\u00edn para Antioquia <\/em>(Handelskammer Medell\u00edn f\u00fcr die Region Antioquia) in Kolumbien ist eine f\u00fchrende Einrichtung in der Region, die sich auf Unternehmensdienstleistungen konzentriert.<\/p>\n<\/div>\n\n\n\n<div class=\"wp-container-23 wp-block-column\" style=\"flex-basis:15%\">\n<figure class=\"wp-block-image size-large\"><img loading=\"lazy\" width=\"1024\" height=\"420\" src=\"https:\/\/afosfoundation.org\/wp-content\/uploads\/2023\/02\/Camara_MEDELLIN_Sinrecuadro-003-1024x420.png\" alt=\"\" class=\"wp-image-4409\" srcset=\"https:\/\/afosfoundation.org\/wp-content\/uploads\/2023\/02\/Camara_MEDELLIN_Sinrecuadro-003-1024x420.png 1024w, https:\/\/afosfoundation.org\/wp-content\/uploads\/2023\/02\/Camara_MEDELLIN_Sinrecuadro-003-360x148.png 360w, https:\/\/afosfoundation.org\/wp-content\/uploads\/2023\/02\/Camara_MEDELLIN_Sinrecuadro-003-768x315.png 768w, https:\/\/afosfoundation.org\/wp-content\/uploads\/2023\/02\/Camara_MEDELLIN_Sinrecuadro-003-1536x629.png 1536w, https:\/\/afosfoundation.org\/wp-content\/uploads\/2023\/02\/Camara_MEDELLIN_Sinrecuadro-003.png 1867w\" sizes=\"(max-width: 1024px) 100vw, 1024px\" \/><\/figure>\n<\/div>\n<\/div>\n\n\n\n<div class=\"wp-container-27 wp-block-columns\">\n<div class=\"wp-container-25 wp-block-column\" style=\"flex-basis:60%\">\n<p>Der <em>Consejo de C\u00e1maras Industriales de Jalisco (CCIJ)<\/em> (Verband der Industriekammern von Jalisco) vertritt die Stimme der Industriellen gegen\u00fcber der Regierung und der Gesellschaft.  CCIJ engagiert sich f\u00fcr das duale Ausbildungsmodell durch die Ausbildung von Universit\u00e4tsstudierenden, um das Wachstum und die Entwicklung der Wirtschaft in Jalisco und Mexiko zust\u00e4rken.<\/p>\n<\/div>\n\n\n\n<div class=\"wp-container-26 wp-block-column\" style=\"flex-basis:15%\">\n<figure class=\"wp-block-image size-full\"><img loading=\"lazy\" width=\"690\" height=\"455\" src=\"https:\/\/afosfoundation.org\/wp-content\/uploads\/2023\/02\/CCIJ-2.png\" alt=\"CCIJ 2023\" class=\"wp-image-4277\" srcset=\"https:\/\/afosfoundation.org\/wp-content\/uploads\/2023\/02\/CCIJ-2.png 690w, https:\/\/afosfoundation.org\/wp-content\/uploads\/2023\/02\/CCIJ-2-360x237.png 360w\" sizes=\"(max-width: 690px) 100vw, 690px\" \/><\/figure>\n<\/div>\n<\/div>\n\n\n\n<div class=\"wp-container-30 wp-block-columns\">\n<div class=\"wp-container-28 wp-block-column\" style=\"flex-basis:60%\">\n<p>Die <em>Chambers of Commerce and Industry der Regionen Bohol, Cebu und Siquijor<\/em>, auf den Philippinen, arbeiten daran, eine gerechtere und effizientere Wirtschaft zu f\u00f6rdern und die nachhaltige Leistungsf\u00e4higkeit der Unternehmen in der Gemeinschaft zu verbessern.<\/p>\n<\/div>\n\n\n\n<div class=\"wp-container-29 wp-block-column\" style=\"flex-basis:15%\"><div class=\"wp-block-image\">\n<figure class=\"aligncenter size-full\"><img loading=\"lazy\" width=\"99\" height=\"140\" src=\"https:\/\/afosfoundation.org\/wp-content\/uploads\/2022\/08\/CCCI-Logo-1_1-1-e1676292465875.png\" alt=\"Cebu CHamber of Commerce and Industry\" class=\"wp-image-3555\"\/><\/figure><\/div><\/div>\n<\/div>\n\n\n\n<h3>Bildungseinrichtungen<\/h3>\n\n\n\n<div class=\"wp-container-33 wp-block-columns\">\n<div class=\"wp-container-31 wp-block-column\">\n<p>Accra Technical University, Ghana<\/p>\n<\/div>\n\n\n\n<div class=\"wp-container-32 wp-block-column\">\n<figure class=\"wp-block-image size-full is-resized\"><img loading=\"lazy\" src=\"https:\/\/afosfoundation.org\/wp-content\/uploads\/2023\/02\/Accra-Technical-University1.png\" alt=\"\" class=\"wp-image-4520\" width=\"212\" height=\"80\"\/><\/figure>\n<\/div>\n<\/div>\n\n\n\n<div class=\"wp-container-36 wp-block-columns\">\n<div class=\"wp-container-34 wp-block-column\">\n<p>University of Cape Coast, Ghana<\/p>\n<\/div>\n\n\n\n<div class=\"wp-container-35 wp-block-column\">\n<figure class=\"wp-block-image size-full is-resized\"><img loading=\"lazy\" src=\"https:\/\/afosfoundation.org\/wp-content\/uploads\/2023\/02\/ucc_logo_new.png\" alt=\"\" class=\"wp-image-4522\" width=\"313\" height=\"47\" srcset=\"https:\/\/afosfoundation.org\/wp-content\/uploads\/2023\/02\/ucc_logo_new.png 370w, https:\/\/afosfoundation.org\/wp-content\/uploads\/2023\/02\/ucc_logo_new-360x54.png 360w\" sizes=\"(max-width: 313px) 100vw, 313px\" \/><\/figure>\n<\/div>\n<\/div>\n\n\n\n<div class=\"wp-container-39 wp-block-columns\">\n<div class=\"wp-container-37 wp-block-column\" style=\"flex-basis:60%\">\n<p>Servicio Nacional de Aprendizaje (SENA), Nationaler Dienst f\u00fcr Berufsbildung, Kolumbien<\/p>\n<\/div>\n\n\n\n<div class=\"wp-container-38 wp-block-column\"><\/div>\n<\/div>\n\n\n\n<h3>Nichtregierungsorganisationen<\/h3>\n\n\n\n<div class=\"wp-container-42 wp-block-columns\">\n<div class=\"wp-container-40 wp-block-column\" style=\"flex-basis:60%\">\n<p>Das <em>Microfinance Learning and Development Centre (MLDC) <\/em>arbeitet daran, ein Ressourcenzentrum f\u00fcr alle Mikrofinanzinstitutionen- und Mikroversicherungsinstitutionen und ihre Interessenvertretenden in Nigeria und dar\u00fcber hinaus zu werden. <\/p>\n<\/div>\n\n\n\n<div class=\"wp-container-41 wp-block-column\" style=\"flex-basis:15%\">\n<figure class=\"wp-block-image size-full is-resized\"><img loading=\"lazy\" src=\"https:\/\/afosfoundation.org\/wp-content\/uploads\/2023\/03\/New-MLDC-Logo-modified.png\" alt=\"\" class=\"wp-image-4542\" width=\"289\" height=\"89\"\/><\/figure>\n<\/div>\n<\/div>\n\n\n\n<div class=\"wp-container-45 wp-block-columns\">\n<div class=\"wp-container-43 wp-block-column\" style=\"flex-basis:60%\">\n<p>Die <em>Nigerian Microfinance Platform (NMP) <\/em>ist das f\u00fchrende Netzwerk aller wichtigen Akteure des nigerianischen Mikrofinanzsektors. Das Microfinance Learning and Development Centre bietet sektorspezifische Bildungsangebote an (MLDC). <\/p>\n<\/div>\n\n\n\n<div class=\"wp-container-44 wp-block-column\" style=\"flex-basis:15%\">\n<figure class=\"wp-block-image size-full is-resized\"><img loading=\"lazy\" src=\"https:\/\/afosfoundation.org\/wp-content\/uploads\/2023\/03\/NMP-LOGO-modified.png\" alt=\"\" class=\"wp-image-4546\" width=\"161\" height=\"92\" srcset=\"https:\/\/afosfoundation.org\/wp-content\/uploads\/2023\/03\/NMP-LOGO-modified.png 537w, https:\/\/afosfoundation.org\/wp-content\/uploads\/2023\/03\/NMP-LOGO-modified-360x208.png 360w\" sizes=\"(max-width: 161px) 100vw, 161px\" \/><\/figure>\n<\/div>\n<\/div>\n\n\n\n<div class=\"wp-container-48 wp-block-columns\">\n<div class=\"wp-container-46 wp-block-column\" style=\"flex-basis:60%\">\n<p>Die <em>Organic Farming Academy (OFA)<\/em> in Zimbabwe unterst\u00fctzt Kleinbauern und Wildpflanzensammler durch Schulungen im zertifizierten und regenerativen \u00f6kologischen Landbau, um sicherzustellen, dass ihre landwirtschaftlichen Erzeugnisse internationalen Standards entsprechen.<\/p>\n<\/div>\n\n\n\n<div class=\"wp-container-47 wp-block-column\" style=\"flex-basis:15%\"><div class=\"wp-block-image\">\n<figure class=\"aligncenter size-large\"><img loading=\"lazy\" width=\"1024\" height=\"1024\" src=\"https:\/\/afosfoundation.org\/wp-content\/uploads\/2023\/02\/Organic-Farming-Academy-logo-no-BG-1024x1024.png\" alt=\"\" class=\"wp-image-4402\" srcset=\"https:\/\/afosfoundation.org\/wp-content\/uploads\/2023\/02\/Organic-Farming-Academy-logo-no-BG-1024x1024.png 1024w, https:\/\/afosfoundation.org\/wp-content\/uploads\/2023\/02\/Organic-Farming-Academy-logo-no-BG-360x360.png 360w, https:\/\/afosfoundation.org\/wp-content\/uploads\/2023\/02\/Organic-Farming-Academy-logo-no-BG-150x150.png 150w, https:\/\/afosfoundation.org\/wp-content\/uploads\/2023\/02\/Organic-Farming-Academy-logo-no-BG-768x768.png 768w, https:\/\/afosfoundation.org\/wp-content\/uploads\/2023\/02\/Organic-Farming-Academy-logo-no-BG-242x242.png 242w, https:\/\/afosfoundation.org\/wp-content\/uploads\/2023\/02\/Organic-Farming-Academy-logo-no-BG.png 1182w\" sizes=\"(max-width: 1024px) 100vw, 1024px\" \/><\/figure><\/div><\/div>\n<\/div>\n\n\n\n<h3>Industriepartner<\/h3>\n\n\n\n<p>In unseren Projektl\u00e4ndern kooperieren wir unter anderem mit zahlreichen Partnern aus der Industrie. Informationen zu den jeweiligen Industriepartnern finden Sie auf den jeweiligen Projektseiten.<\/p>\n","protected":false},"excerpt":{"rendered":"<p>Unsere Partner in Deutschland Von Mitgliedern des Bundes Katholischer Unternehmer (BKU) gegr\u00fcndet, pflegt unsere Stiftung bis heute gute Beziehungen zum BKU. Dieser stellt uns bei Bedarf immer wieder fachliche Expertise f\u00fcr unsere Projekte zur Verf\u00fcgung. Das Bundesministerium f\u00fcr wirtschaftliche Zusammenarbeit und Entwicklung (BMZ) erm\u00f6glicht die Durchf\u00fchrung unserer Projekte durch finanzielle Zuwendungen. Die weltweit t\u00e4tige Entwicklungsorganisation [&hellip;]<\/p>\n","protected":false},"author":1,"featured_media":0,"parent":3798,"menu_order":0,"comment_status":"closed","ping_status":"closed","template":"who-we-are-page-template.php","meta":[],"acf":[],"yoast_head":"<!-- This site is optimized with the Yoast SEO plugin v19.5.1 - https:\/\/yoast.com\/wordpress\/plugins\/seo\/ -->\n<title>Unsere Partner - Afosfoundation<\/title>\n<meta name=\"description\" content=\"Als AFOS-Stiftung kooperieren wir mit verschiedenen Projekt-Partnern in Deutschland und vor Ort in Afrika, Asien und Lateinamerika.\" \/>\n<meta name=\"robots\" content=\"index, follow, max-snippet:-1, max-image-preview:large, max-video-preview:-1\" \/>\n<link rel=\"canonical\" href=\"https:\/\/afosfoundation.org\/de\/ueber-uns\/unsere-partner\/\" \/>\n<meta property=\"og:locale\" content=\"de_DE\" \/>\n<meta property=\"og:type\" content=\"article\" \/>\n<meta property=\"og:title\" content=\"Unsere Partner - Afosfoundation\" \/>\n<meta property=\"og:description\" content=\"Als AFOS-Stiftung kooperieren wir mit verschiedenen Projekt-Partnern in Deutschland und vor Ort in Afrika, Asien und Lateinamerika.\" \/>\n<meta property=\"og:url\" content=\"https:\/\/afosfoundation.org\/de\/ueber-uns\/unsere-partner\/\" \/>\n<meta property=\"og:site_name\" content=\"Afosfoundation\" \/>\n<meta property=\"article:modified_time\" content=\"2023-06-02T09:26:05+00:00\" \/>\n<meta property=\"og:image\" content=\"https:\/\/afosfoundation.org\/wp-content\/uploads\/2023\/03\/BKU_transparent.png\" \/>\n<meta name=\"twitter:card\" content=\"summary_large_image\" \/>\n<meta name=\"twitter:label1\" content=\"Gesch\u00e4tzte Lesezeit\" \/>\n\t<meta name=\"twitter:data1\" content=\"6 Minuten\" \/>\n<script type=\"application\/ld+json\" class=\"yoast-schema-graph\">{\"@context\":\"https:\/\/schema.org\",\"@graph\":[{\"@type\":\"WebPage\",\"@id\":\"https:\/\/afosfoundation.org\/de\/ueber-uns\/unsere-partner\/\",\"url\":\"https:\/\/afosfoundation.org\/de\/ueber-uns\/unsere-partner\/\",\"name\":\"Unsere Partner - Afosfoundation\",\"isPartOf\":{\"@id\":\"https:\/\/afosfoundation.org\/de\/#website\"},\"datePublished\":\"2022-07-22T11:48:00+00:00\",\"dateModified\":\"2023-06-02T09:26:05+00:00\",\"description\":\"Als AFOS-Stiftung kooperieren wir mit verschiedenen Projekt-Partnern in Deutschland und vor Ort in Afrika, Asien und Lateinamerika.\",\"breadcrumb\":{\"@id\":\"https:\/\/afosfoundation.org\/de\/ueber-uns\/unsere-partner\/#breadcrumb\"},\"inLanguage\":\"de-DE\",\"potentialAction\":[{\"@type\":\"ReadAction\",\"target\":[\"https:\/\/afosfoundation.org\/de\/ueber-uns\/unsere-partner\/\"]}]},{\"@type\":\"BreadcrumbList\",\"@id\":\"https:\/\/afosfoundation.org\/de\/ueber-uns\/unsere-partner\/#breadcrumb\",\"itemListElement\":[{\"@type\":\"ListItem\",\"position\":1,\"name\":\"Home\",\"item\":\"https:\/\/afosfoundation.org\/de\/\"},{\"@type\":\"ListItem\",\"position\":2,\"name\":\"\u00dcber uns\",\"item\":\"https:\/\/afosfoundation.org\/de\/ueber-uns\/\"},{\"@type\":\"ListItem\",\"position\":3,\"name\":\"Unsere Partner\"}]},{\"@type\":\"WebSite\",\"@id\":\"https:\/\/afosfoundation.org\/de\/#website\",\"url\":\"https:\/\/afosfoundation.org\/de\/\",\"name\":\"Afosfoundation\",\"description\":\"Afosfoundation\",\"publisher\":{\"@id\":\"https:\/\/afosfoundation.org\/de\/#organization\"},\"potentialAction\":[{\"@type\":\"SearchAction\",\"target\":{\"@type\":\"EntryPoint\",\"urlTemplate\":\"https:\/\/afosfoundation.org\/de\/?s={search_term_string}\"},\"query-input\":\"required name=search_term_string\"}],\"inLanguage\":\"de-DE\"},{\"@type\":\"Organization\",\"@id\":\"https:\/\/afosfoundation.org\/de\/#organization\",\"name\":\"Afosfoundation\",\"url\":\"https:\/\/afosfoundation.org\/de\/\",\"sameAs\":[],\"logo\":{\"@type\":\"ImageObject\",\"inLanguage\":\"de-DE\",\"@id\":\"https:\/\/afosfoundation.org\/de\/#\/schema\/logo\/image\/\",\"url\":\"https:\/\/afosfoundation.org\/wp-content\/uploads\/2023\/05\/Untitled-design-1.jpg\",\"contentUrl\":\"https:\/\/afosfoundation.org\/wp-content\/uploads\/2023\/05\/Untitled-design-1.jpg\",\"width\":1200,\"height\":519,\"caption\":\"Afosfoundation\"},\"image\":{\"@id\":\"https:\/\/afosfoundation.org\/de\/#\/schema\/logo\/image\/\"}}]}<\/script>\n<!-- \/ Yoast SEO plugin. -->","yoast_head_json":{"title":"Unsere Partner - Afosfoundation","description":"Als AFOS-Stiftung kooperieren wir mit verschiedenen Projekt-Partnern in Deutschland und vor Ort in Afrika, Asien und Lateinamerika.","robots":{"index":"index","follow":"follow","max-snippet":"max-snippet:-1","max-image-preview":"max-image-preview:large","max-video-preview":"max-video-preview:-1"},"canonical":"https:\/\/afosfoundation.org\/de\/ueber-uns\/unsere-partner\/","og_locale":"de_DE","og_type":"article","og_title":"Unsere Partner - Afosfoundation","og_description":"Als AFOS-Stiftung kooperieren wir mit verschiedenen Projekt-Partnern in Deutschland und vor Ort in Afrika, Asien und Lateinamerika.","og_url":"https:\/\/afosfoundation.org\/de\/ueber-uns\/unsere-partner\/","og_site_name":"Afosfoundation","article_modified_time":"2023-06-02T09:26:05+00:00","og_image":[{"url":"https:\/\/afosfoundation.org\/wp-content\/uploads\/2023\/03\/BKU_transparent.png"}],"twitter_card":"summary_large_image","twitter_misc":{"Gesch\u00e4tzte Lesezeit":"6 Minuten"},"schema":{"@context":"https:\/\/schema.org","@graph":[{"@type":"WebPage","@id":"https:\/\/afosfoundation.org\/de\/ueber-uns\/unsere-partner\/","url":"https:\/\/afosfoundation.org\/de\/ueber-uns\/unsere-partner\/","name":"Unsere Partner - Afosfoundation","isPartOf":{"@id":"https:\/\/afosfoundation.org\/de\/#website"},"datePublished":"2022-07-22T11:48:00+00:00","dateModified":"2023-06-02T09:26:05+00:00","description":"Als AFOS-Stiftung kooperieren wir mit verschiedenen Projekt-Partnern in Deutschland und vor Ort in Afrika, Asien und Lateinamerika.","breadcrumb":{"@id":"https:\/\/afosfoundation.org\/de\/ueber-uns\/unsere-partner\/#breadcrumb"},"inLanguage":"de-DE","potentialAction":[{"@type":"ReadAction","target":["https:\/\/afosfoundation.org\/de\/ueber-uns\/unsere-partner\/"]}]},{"@type":"BreadcrumbList","@id":"https:\/\/afosfoundation.org\/de\/ueber-uns\/unsere-partner\/#breadcrumb","itemListElement":[{"@type":"ListItem","position":1,"name":"Home","item":"https:\/\/afosfoundation.org\/de\/"},{"@type":"ListItem","position":2,"name":"\u00dcber uns","item":"https:\/\/afosfoundation.org\/de\/ueber-uns\/"},{"@type":"ListItem","position":3,"name":"Unsere Partner"}]},{"@type":"WebSite","@id":"https:\/\/afosfoundation.org\/de\/#website","url":"https:\/\/afosfoundation.org\/de\/","name":"Afosfoundation","description":"Afosfoundation","publisher":{"@id":"https:\/\/afosfoundation.org\/de\/#organization"},"potentialAction":[{"@type":"SearchAction","target":{"@type":"EntryPoint","urlTemplate":"https:\/\/afosfoundation.org\/de\/?s={search_term_string}"},"query-input":"required name=search_term_string"}],"inLanguage":"de-DE"},{"@type":"Organization","@id":"https:\/\/afosfoundation.org\/de\/#organization","name":"Afosfoundation","url":"https:\/\/afosfoundation.org\/de\/","sameAs":[],"logo":{"@type":"ImageObject","inLanguage":"de-DE","@id":"https:\/\/afosfoundation.org\/de\/#\/schema\/logo\/image\/","url":"https:\/\/afosfoundation.org\/wp-content\/uploads\/2023\/05\/Untitled-design-1.jpg","contentUrl":"https:\/\/afosfoundation.org\/wp-content\/uploads\/2023\/05\/Untitled-design-1.jpg","width":1200,"height":519,"caption":"Afosfoundation"},"image":{"@id":"https:\/\/afosfoundation.org\/de\/#\/schema\/logo\/image\/"}}]}},"_links":{"self":[{"href":"https:\/\/afosfoundation.org\/de\/wp-json\/wp\/v2\/pages\/3274"}],"collection":[{"href":"https:\/\/afosfoundation.org\/de\/wp-json\/wp\/v2\/pages"}],"about":[{"href":"https:\/\/afosfoundation.org\/de\/wp-json\/wp\/v2\/types\/page"}],"author":[{"embeddable":true,"href":"https:\/\/afosfoundation.org\/de\/wp-json\/wp\/v2\/users\/1"}],"replies":[{"embeddable":true,"href":"https:\/\/afosfoundation.org\/de\/wp-json\/wp\/v2\/comments?post=3274"}],"version-history":[{"count":0,"href":"https:\/\/afosfoundation.org\/de\/wp-json\/wp\/v2\/pages\/3274\/revisions"}],"up":[{"embeddable":true,"href":"https:\/\/afosfoundation.org\/de\/wp-json\/wp\/v2\/pages\/3798"}],"wp:attachment":[{"href":"https:\/\/afosfoundation.org\/de\/wp-json\/wp\/v2\/media?parent=3274"}],"curies":[{"name":"wp","href":"https:\/\/api.w.org\/{rel}","templated":true}]}}